{"id":631,"date":"2011-02-19T16:58:10","date_gmt":"2011-02-19T15:58:10","guid":{"rendered":"http:\/\/cantasense.ch\/blog\/?page_id=631"},"modified":"2021-10-11T14:45:47","modified_gmt":"2021-10-11T12:45:47","slug":"2011-2","status":"publish","type":"page","link":"https:\/\/cantasense.ch\/blog\/bildergalerien\/2011-2\/","title":{"rendered":"2011"},"content":{"rendered":"<p><a href=\"https:\/\/cantasense.ch\/blog\/?page_id=643\" target=\"_self\" rel=\"noopener\">Generalversammlung<\/a><\/p>\n<p><a href=\"https:\/\/cantasense.ch\/blog\/?page_id=742\" target=\"_self\" rel=\"noopener\">G\u00f6nnerap\u00e9ro<\/a><\/p>\n<p><a href=\"https:\/\/cantasense.ch\/blog\/?page_id=839\">Konzert Alexanderfest<\/a><\/p>\n<p><a href=\"https:\/\/cantasense.ch\/blog\/?page_id=839\">Schlussap\u00e9ro Alexanderfest<\/a><\/p>\n","protected":false},"excerpt":{"rendered":"<p>Generalversammlung G\u00f6nnerap\u00e9ro Konzert Alexanderfest Schlussap\u00e9ro Alexanderfest<\/p>\n","protected":false},"author":1,"featured_media":0,"parent":299,"menu_order":92,"comment_status":"closed","ping_status":"closed","template":"","meta":{"footnotes":""},"class_list":["post-631","page","type-page","status-publish","hentry"],"_links":{"self":[{"href":"https:\/\/cantasense.ch\/blog\/wp-json\/wp\/v2\/pages\/631","targetHints":{"allow":["GET"]}}],"collection":[{"href":"https:\/\/cantasense.ch\/blog\/wp-json\/wp\/v2\/pages"}],"about":[{"href":"https:\/\/cantasense.ch\/blog\/wp-json\/wp\/v2\/types\/page"}],"author":[{"embeddable":true,"href":"https:\/\/cantasense.ch\/blog\/wp-json\/wp\/v2\/users\/1"}],"replies":[{"embeddable":true,"href":"https:\/\/cantasense.ch\/blog\/wp-json\/wp\/v2\/comments?post=631"}],"version-history":[{"count":11,"href":"https:\/\/cantasense.ch\/blog\/wp-json\/wp\/v2\/pages\/631\/revisions"}],"predecessor-version":[{"id":7122,"href":"https:\/\/cantasense.ch\/blog\/wp-json\/wp\/v2\/pages\/631\/revisions\/7122"}],"up":[{"embeddable":true,"href":"https:\/\/cantasense.ch\/blog\/wp-json\/wp\/v2\/pages\/299"}],"wp:attachment":[{"href":"https:\/\/cantasense.ch\/blog\/wp-json\/wp\/v2\/media?parent=631"}],"curies":[{"name":"wp","href":"https:\/\/api.w.org\/{rel}","templated":true}]}}