{"id":361,"date":"2011-01-19T15:53:12","date_gmt":"2011-01-19T14:53:12","guid":{"rendered":"http:\/\/cantasense.ch\/blog\/?page_id=361"},"modified":"2021-10-11T14:37:12","modified_gmt":"2021-10-11T12:37:12","slug":"2007-2","status":"publish","type":"page","link":"https:\/\/cantasense.ch\/blog\/bildergalerien\/2007-2\/","title":{"rendered":"2007"},"content":{"rendered":"<p><a href=\"https:\/\/cantasense.ch\/blog\/?page_id=364\" target=\"_self\" rel=\"noopener\">Konzert in Alterswil<\/a><\/p>\n<p><a href=\"https:\/\/cantasense.ch\/blog\/?page_id=367\" target=\"_self\" rel=\"noopener\">G\u00f6nnerap\u00e9ro<\/a><\/p>\n<p><a href=\"https:\/\/cantasense.ch\/blog\/?page_id=370\" target=\"_self\" rel=\"noopener\">Reise in die Ostschweiz<\/a><\/p>\n<p><a href=\"https:\/\/cantasense.ch\/blog\/?page_id=373\" target=\"_self\" rel=\"noopener\">Geburtstagsst\u00e4ndchen f\u00fcr Sepp Progin<\/a><\/p>\n","protected":false},"excerpt":{"rendered":"<p>Konzert in Alterswil G\u00f6nnerap\u00e9ro Reise in die Ostschweiz Geburtstagsst\u00e4ndchen f\u00fcr Sepp Progin<\/p>\n","protected":false},"author":1,"featured_media":0,"parent":299,"menu_order":96,"comment_status":"closed","ping_status":"closed","template":"","meta":{"footnotes":""},"class_list":["post-361","page","type-page","status-publish","hentry"],"_links":{"self":[{"href":"https:\/\/cantasense.ch\/blog\/wp-json\/wp\/v2\/pages\/361","targetHints":{"allow":["GET"]}}],"collection":[{"href":"https:\/\/cantasense.ch\/blog\/wp-json\/wp\/v2\/pages"}],"about":[{"href":"https:\/\/cantasense.ch\/blog\/wp-json\/wp\/v2\/types\/page"}],"author":[{"embeddable":true,"href":"https:\/\/cantasense.ch\/blog\/wp-json\/wp\/v2\/users\/1"}],"replies":[{"embeddable":true,"href":"https:\/\/cantasense.ch\/blog\/wp-json\/wp\/v2\/comments?post=361"}],"version-history":[{"count":8,"href":"https:\/\/cantasense.ch\/blog\/wp-json\/wp\/v2\/pages\/361\/revisions"}],"predecessor-version":[{"id":7118,"href":"https:\/\/cantasense.ch\/blog\/wp-json\/wp\/v2\/pages\/361\/revisions\/7118"}],"up":[{"embeddable":true,"href":"https:\/\/cantasense.ch\/blog\/wp-json\/wp\/v2\/pages\/299"}],"wp:attachment":[{"href":"https:\/\/cantasense.ch\/blog\/wp-json\/wp\/v2\/media?parent=361"}],"curies":[{"name":"wp","href":"https:\/\/api.w.org\/{rel}","templated":true}]}}