{"id":2550,"date":"2014-09-25T08:59:30","date_gmt":"2014-09-25T06:59:30","guid":{"rendered":"http:\/\/cantasense.ch\/blog\/?page_id=2550"},"modified":"2023-01-20T21:27:03","modified_gmt":"2023-01-20T20:27:03","slug":"goenner-3","status":"publish","type":"page","link":"https:\/\/cantasense.ch\/blog\/diverses\/goenner-3\/","title":{"rendered":"G\u00f6nnerin\/G\u00f6nner sein"},"content":{"rendered":"<p>Gesch\u00e4tzte G\u00f6nnerinnen und G\u00f6nner, liebe Interessierte<\/p>\n<p>Ihre\u00a0allj\u00e4hrliche grossz\u00fcgige finanzielle Unterst\u00fctzung unseres Chores erm\u00f6glicht uns, immer wieder grossartige Werke einzustudieren und aufzuf\u00fchren &#8211; herzlichen Dank!<\/p>\n<p>Was bringt Ihnen Ihr Engagement f\u00fcr den Chor?<\/p>\n<p>Im Verlaufe des Jahres erhalten Sie die chorinternen News zugestellt, worin Sie Entwicklungen und interessante Informationen nachlesen k\u00f6nnen, zudem werden Sie bei gr\u00f6sseren Konzerten zum anschliessenden Ap\u00e9ro eingeladen.<br \/>\nUnd &#8222;last but not least&#8220;d\u00fcrfen Sie das Gef\u00fchl geniessen, Kultur in der Region tatkr\u00e4ftig zu unterst\u00fctzen.<\/p>\n<p>Falls Sie noch nicht G\u00f6nnerin oder G\u00f6nner von CantaSense sind, dies aber werden m\u00f6chten, so f\u00fcllen Sie doch einfach das nachfolgende Formular aus oder nehmen direkt mit unserer Pr\u00e4sidentin, Doris Vonlanthen, Kontakt (<a href=\"mailto:info@cantasense.ch\">E-Mail<\/a>) auf.<\/p>\n\n<div class=\"wpcf7 no-js\" id=\"wpcf7-f3061-o1\" lang=\"de-DE\" dir=\"ltr\" data-wpcf7-id=\"3061\">\n<div class=\"screen-reader-response\"><p role=\"status\" aria-live=\"polite\" aria-atomic=\"true\"><\/p> <ul><\/ul><\/div>\n<form action=\"\/blog\/wp-json\/wp\/v2\/pages\/2550#wpcf7-f3061-o1\" method=\"post\" class=\"wpcf7-form init\" aria-label=\"Kontaktformular\" novalidate=\"novalidate\" data-status=\"init\">\n<fieldset class=\"hidden-fields-container\"><input type=\"hidden\" name=\"_wpcf7\" value=\"3061\" \/><input type=\"hidden\" name=\"_wpcf7_version\" value=\"6.1.5\" \/><input type=\"hidden\" name=\"_wpcf7_locale\" value=\"de_DE\" \/><input type=\"hidden\" name=\"_wpcf7_unit_tag\" value=\"wpcf7-f3061-o1\" \/><input type=\"hidden\" name=\"_wpcf7_container_post\" value=\"0\" \/><input type=\"hidden\" name=\"_wpcf7_posted_data_hash\" value=\"\" \/>\n<\/fieldset>\n<p>Ihr Name (Pflichtfeld)\n<\/p>\n<p><span class=\"wpcf7-form-control-wrap\" data-name=\"your-name\"><input size=\"40\" maxlength=\"400\" class=\"wpcf7-form-control wpcf7-text wpcf7-validates-as-required\" aria-required=\"true\" aria-invalid=\"false\" value=\"\" type=\"text\" name=\"your-name\" \/><\/span>\n<\/p>\n<p>Ihre E-Mail-Adresse (Pflichtfeld)\n<\/p>\n<p><span class=\"wpcf7-form-control-wrap\" data-name=\"your-email\"><input size=\"40\" maxlength=\"400\" class=\"wpcf7-form-control wpcf7-email wpcf7-validates-as-required wpcf7-text wpcf7-validates-as-email\" aria-required=\"true\" aria-invalid=\"false\" value=\"\" type=\"email\" name=\"your-email\" \/><\/span>\n<\/p>\n<p>Betreff\n<\/p>\n<p><span class=\"wpcf7-form-control-wrap\" data-name=\"your-subject\"><input size=\"40\" maxlength=\"400\" class=\"wpcf7-form-control wpcf7-text\" aria-invalid=\"false\" value=\"\" type=\"text\" name=\"your-subject\" \/><\/span>\n<\/p>\n<p>Ihre Nachricht\n<\/p>\n<p><span class=\"wpcf7-form-control-wrap\" data-name=\"your-message\"><textarea cols=\"40\" rows=\"10\" maxlength=\"2000\" class=\"wpcf7-form-control wpcf7-textarea\" aria-invalid=\"false\" name=\"your-message\"><\/textarea><\/span>\n<\/p>\n<p><input class=\"wpcf7-form-control wpcf7-submit has-spinner\" type=\"submit\" value=\"Senden\" \/>\n<\/p><div class=\"wpcf7-response-output\" aria-hidden=\"true\"><\/div>\n<\/form>\n<\/div>\n\n<p>Gerne kontaktieren wir Sie unsererseits nach Erhalt Ihrer Anmeldung f\u00fcr n\u00e4here Informationen.<\/p>\n<p>F\u00fcr bereits Entschlossene nachfolgend die notwendigen Angaben f\u00fcr die \u00dcberweisung eines G\u00f6nnerbeitrages:<\/p>\n<p class=\"gmail_default\"><img  title=\"\" loading=\"lazy\" decoding=\"async\" class=\"wp-image-7522 alignleft\" src=\"https:\/\/cantasense.ch\/blog\/wp-content\/uploads\/2023\/01\/ES-CantaSense.jpg\"  alt=\"ES-CantaSense G\u00f6nnerin\/G\u00f6nner sein\"  width=\"772\" height=\"340\" data-wp-editing=\"1\" srcset=\"https:\/\/cantasense.ch\/blog\/wp-content\/uploads\/2023\/01\/ES-CantaSense.jpg 824w, https:\/\/cantasense.ch\/blog\/wp-content\/uploads\/2023\/01\/ES-CantaSense-300x132.jpg 300w, https:\/\/cantasense.ch\/blog\/wp-content\/uploads\/2023\/01\/ES-CantaSense-768x338.jpg 768w, https:\/\/cantasense.ch\/blog\/wp-content\/uploads\/2023\/01\/ES-CantaSense-250x110.jpg 250w, https:\/\/cantasense.ch\/blog\/wp-content\/uploads\/2023\/01\/ES-CantaSense-550x242.jpg 550w, https:\/\/cantasense.ch\/blog\/wp-content\/uploads\/2023\/01\/ES-CantaSense-800x352.jpg 800w, https:\/\/cantasense.ch\/blog\/wp-content\/uploads\/2023\/01\/ES-CantaSense-409x180.jpg 409w, https:\/\/cantasense.ch\/blog\/wp-content\/uploads\/2023\/01\/ES-CantaSense-681x300.jpg 681w\" sizes=\"auto, (max-width: 772px) 100vw, 772px\" \/><\/p>\n","protected":false},"excerpt":{"rendered":"<p>Gesch\u00e4tzte G\u00f6nnerinnen und G\u00f6nner, liebe Interessierte Ihre\u00a0allj\u00e4hrliche grossz\u00fcgige finanzielle Unterst\u00fctzung unseres Chores erm\u00f6glicht uns, immer wieder grossartige Werke einzustudieren und aufzuf\u00fchren &#8211; herzlichen Dank! Was bringt Ihnen Ihr Engagement f\u00fcr den Chor? Im Verlaufe des Jahres erhalten Sie die chorinternen News zugestellt, worin Sie Entwicklungen und interessante Informationen nachlesen k\u00f6nnen, zudem werden Sie bei gr\u00f6sseren [&hellip;]<\/p>\n","protected":false},"author":2,"featured_media":0,"parent":7393,"menu_order":2,"comment_status":"closed","ping_status":"closed","template":"","meta":{"footnotes":""},"class_list":["post-2550","page","type-page","status-publish","hentry"],"_links":{"self":[{"href":"https:\/\/cantasense.ch\/blog\/wp-json\/wp\/v2\/pages\/2550","targetHints":{"allow":["GET"]}}],"collection":[{"href":"https:\/\/cantasense.ch\/blog\/wp-json\/wp\/v2\/pages"}],"about":[{"href":"https:\/\/cantasense.ch\/blog\/wp-json\/wp\/v2\/types\/page"}],"author":[{"embeddable":true,"href":"https:\/\/cantasense.ch\/blog\/wp-json\/wp\/v2\/users\/2"}],"replies":[{"embeddable":true,"href":"https:\/\/cantasense.ch\/blog\/wp-json\/wp\/v2\/comments?post=2550"}],"version-history":[{"count":7,"href":"https:\/\/cantasense.ch\/blog\/wp-json\/wp\/v2\/pages\/2550\/revisions"}],"predecessor-version":[{"id":7389,"href":"https:\/\/cantasense.ch\/blog\/wp-json\/wp\/v2\/pages\/2550\/revisions\/7389"}],"up":[{"embeddable":true,"href":"https:\/\/cantasense.ch\/blog\/wp-json\/wp\/v2\/pages\/7393"}],"wp:attachment":[{"href":"https:\/\/cantasense.ch\/blog\/wp-json\/wp\/v2\/media?parent=2550"}],"curies":[{"name":"wp","href":"https:\/\/api.w.org\/{rel}","templated":true}]}}